{"id":2053,"date":"2022-02-18T15:51:27","date_gmt":"2022-02-18T15:51:27","guid":{"rendered":"http:\/\/app.toolingportugal.com\/?page_id=2053"},"modified":"2023-01-19T17:20:27","modified_gmt":"2023-01-19T17:20:27","slug":"projects","status":"publish","type":"page","link":"https:\/\/app.toolingportugal.com\/en\/projects\/","title":{"rendered":"Projects"},"content":{"rendered":"[vc_row type=&#8221;full_width_background&#8221; full_screen_row_position=&#8221;middle&#8221; bg_image=&#8221;53&#8243; bg_position=&#8221;left top&#8221; bg_repeat=&#8221;no-repeat&#8221; bg_color=&#8221;#ffffff&#8221; scene_position=&#8221;center&#8221; text_color=&#8221;light&#8221; text_align=&#8221;center&#8221; top_padding=&#8221;10%&#8221; bottom_padding=&#8221;5%&#8221; enable_gradient=&#8221;true&#8221; color_overlay=&#8221;#cfd971&#8243; color_overlay_2=&#8221;#ea442a&#8221; gradient_direction=&#8221;left_to_right&#8221; overlay_strength=&#8221;0.95&#8243; enable_shape_divider=&#8221;true&#8221; shape_divider_position=&#8221;bottom&#8221; bg_image_animation=&#8221;fade-in&#8221; parallax_bg=&#8221;true&#8221; parallax_bg_speed=&#8221;fast&#8221; shape_type=&#8221;fan&#8221;][vc_column column_padding=&#8221;no-extra-padding&#8221; column_padding_position=&#8221;all&#8221; background_color_opacity=&#8221;1&#8243; background_hover_color_opacity=&#8221;1&#8243; column_link_target=&#8221;_self&#8221; column_shadow=&#8221;none&#8221; column_border_radius=&#8221;none&#8221; width=&#8221;1\/1&#8243; tablet_width_inherit=&#8221;default&#8221; tablet_text_alignment=&#8221;default&#8221; phone_text_alignment=&#8221;default&#8221; column_border_width=&#8221;none&#8221; column_border_style=&#8221;solid&#8221; bg_image_animation=&#8221;none&#8221;][vc_row_inner column_margin=&#8221;default&#8221; text_align=&#8221;left&#8221;][vc_column_inner column_padding=&#8221;no-extra-padding&#8221; column_padding_position=&#8221;all&#8221; background_color_opacity=&#8221;1&#8243; background_hover_color_opacity=&#8221;1&#8243; column_shadow=&#8221;none&#8221; column_border_radius=&#8221;none&#8221; column_link_target=&#8221;_self&#8221; width=&#8221;1\/6&#8243; tablet_width_inherit=&#8221;default&#8221; column_border_width=&#8221;none&#8221; column_border_style=&#8221;solid&#8221; bg_image_animation=&#8221;none&#8221; enable_animation=&#8221;true&#8221; animation=&#8221;fade-in-from-bottom&#8221;][\/vc_column_inner][vc_column_inner column_padding=&#8221;no-extra-padding&#8221; column_padding_position=&#8221;all&#8221; background_color_opacity=&#8221;1&#8243; background_hover_color_opacity=&#8221;1&#8243; column_shadow=&#8221;none&#8221; column_border_radius=&#8221;none&#8221; column_link_target=&#8221;_self&#8221; width=&#8221;2\/3&#8243; tablet_width_inherit=&#8221;default&#8221; column_border_width=&#8221;none&#8221; column_border_style=&#8221;solid&#8221; bg_image_animation=&#8221;none&#8221; enable_animation=&#8221;true&#8221; animation=&#8221;fade-in-from-bottom&#8221;][vc_custom_heading text=&#8221;Projects&#8221; font_container=&#8221;tag:h2|text_align:center&#8221; use_theme_fonts=&#8221;yes&#8221;][vc_custom_heading text=&#8221;Engineering &amp; Tooling&#8221; font_container=&#8221;tag:h2|text_align:center&#8221; use_theme_fonts=&#8221;yes&#8221;][\/vc_column_inner][vc_column_inner column_padding=&#8221;no-extra-padding&#8221; column_padding_position=&#8221;all&#8221; background_color_opacity=&#8221;1&#8243; background_hover_color_opacity=&#8221;1&#8243; column_shadow=&#8221;none&#8221; column_border_radius=&#8221;none&#8221; column_link_target=&#8221;_self&#8221; width=&#8221;1\/6&#8243; tablet_width_inherit=&#8221;default&#8221; column_border_width=&#8221;none&#8221; column_border_style=&#8221;solid&#8221; bg_image_animation=&#8221;none&#8221;][\/vc_column_inner][\/vc_row_inner][\/vc_column][\/vc_row][vc_row type=&#8221;in_container&#8221; full_screen_row_position=&#8221;middle&#8221; equal_height=&#8221;yes&#8221; scene_position=&#8221;center&#8221; text_color=&#8221;dark&#8221; text_align=&#8221;left&#8221; top_padding=&#8221;8%&#8221; overlay_strength=&#8221;0.3&#8243; shape_divider_position=&#8221;bottom&#8221; bg_image_animation=&#8221;none&#8221; shape_type=&#8221;&#8221;][vc_column column_padding=&#8221;no-extra-padding&#8221; column_padding_position=&#8221;all&#8221; background_color_opacity=&#8221;1&#8243; background_hover_color_opacity=&#8221;1&#8243; column_link_target=&#8221;_self&#8221; column_shadow=&#8221;none&#8221; column_border_radius=&#8221;none&#8221; width=&#8221;2\/3&#8243; tablet_width_inherit=&#8221;default&#8221; tablet_text_alignment=&#8221;default&#8221; phone_text_alignment=&#8221;default&#8221; column_border_width=&#8221;none&#8221; column_border_style=&#8221;solid&#8221; bg_image_animation=&#8221;none&#8221;][vc_column_text]The activities foreseen in the action plan cover a wide range of different areas that were considered of vital importance for the strengthening of the Sector&#8217;s competitive position:[\/vc_column_text][nectar_horizontal_list_item columns=&#8221;1&#8243; col_1_text_align=&#8221;left&#8221; font_family=&#8221;p&#8221; hover_color=&#8221;extra-color-2&#8243; col_1_content=&#8221;Marketing and Internacionalization&#8221;][nectar_horizontal_list_item columns=&#8221;1&#8243; col_1_text_align=&#8221;left&#8221; font_family=&#8221;p&#8221; hover_color=&#8221;extra-color-2&#8243; col_1_content=&#8221;R&amp;D + Technology + Innovation&#8221;][nectar_horizontal_list_item columns=&#8221;1&#8243; col_1_text_align=&#8221;left&#8221; font_family=&#8221;p&#8221; hover_color=&#8221;extra-color-2&#8243; col_1_content=&#8221;Technological and Market Surveillance&#8221;][nectar_horizontal_list_item columns=&#8221;1&#8243; col_1_text_align=&#8221;left&#8221; font_family=&#8221;p&#8221; hover_color=&#8221;extra-color-2&#8243; col_1_content=&#8221;Qualification + Training + Market&#8221;][nectar_horizontal_list_item columns=&#8221;1&#8243; col_1_text_align=&#8221;left&#8221; font_family=&#8221;p&#8221; hover_color=&#8221;extra-color-2&#8243; col_1_content=&#8221;New Business Models&#8221;][nectar_horizontal_list_item columns=&#8221;1&#8243; col_1_text_align=&#8221;left&#8221; font_family=&#8221;p&#8221; hover_color=&#8221;extra-color-2&#8243; col_1_content=&#8221;Sustainable development&#8221;][\/vc_column][vc_column column_padding=&#8221;no-extra-padding&#8221; column_padding_position=&#8221;all&#8221; background_color_opacity=&#8221;1&#8243; background_hover_color_opacity=&#8221;1&#8243; column_link_target=&#8221;_self&#8221; column_shadow=&#8221;none&#8221; column_border_radius=&#8221;none&#8221; width=&#8221;1\/3&#8243; tablet_width_inherit=&#8221;default&#8221; tablet_text_alignment=&#8221;default&#8221; phone_text_alignment=&#8221;default&#8221; column_border_width=&#8221;none&#8221; column_border_style=&#8221;solid&#8221; bg_image_animation=&#8221;none&#8221;]<div class=\"img-with-aniamtion-wrap \" data-max-width=\"100%\" data-border-radius=\"10px\"><div class=\"inner\"><img data-shadow=\"none\" data-shadow-direction=\"middle\" class=\"img-with-animation skip-lazy \" data-delay=\"0\" height=\"1500\" width=\"1075\"  data-animation=\"fade-in\" src=\"https:\/\/app.toolingportugal.com\/wp-content\/uploads\/2022\/02\/ET_2020_pubCIP-1.jpg\" srcset=\"https:\/\/app.toolingportugal.com\/wp-content\/uploads\/2022\/02\/ET_2020_pubCIP-1.jpg 1075w, https:\/\/app.toolingportugal.com\/wp-content\/uploads\/2022\/02\/ET_2020_pubCIP-1-573x800.jpg 573w, https:\/\/app.toolingportugal.com\/wp-content\/uploads\/2022\/02\/ET_2020_pubCIP-1-768x1072.jpg 768w, https:\/\/app.toolingportugal.com\/wp-content\/uploads\/2022\/02\/ET_2020_pubCIP-1-433x604.jpg 433w, https:\/\/app.toolingportugal.com\/wp-content\/uploads\/2022\/02\/ET_2020_pubCIP-1-289x403.jpg 289w, https:\/\/app.toolingportugal.com\/wp-content\/uploads\/2022\/02\/ET_2020_pubCIP-1-193x269.jpg 193w, https:\/\/app.toolingportugal.com\/wp-content\/uploads\/2022\/02\/ET_2020_pubCIP-1-72x100.jpg 72w, https:\/\/app.toolingportugal.com\/wp-content\/uploads\/2022\/02\/ET_2020_pubCIP-1-100x140.jpg 100w, https:\/\/app.toolingportugal.com\/wp-content\/uploads\/2022\/02\/ET_2020_pubCIP-1-358x500.jpg 358w, https:\/\/app.toolingportugal.com\/wp-content\/uploads\/2022\/02\/ET_2020_pubCIP-1-240x335.jpg 240w, https:\/\/app.toolingportugal.com\/wp-content\/uploads\/2022\/02\/ET_2020_pubCIP-1-251x350.jpg 251w, https:\/\/app.toolingportugal.com\/wp-content\/uploads\/2022\/02\/ET_2020_pubCIP-1-500x698.jpg 500w, https:\/\/app.toolingportugal.com\/wp-content\/uploads\/2022\/02\/ET_2020_pubCIP-1-717x1000.jpg 717w, https:\/\/app.toolingportugal.com\/wp-content\/uploads\/2022\/02\/ET_2020_pubCIP-1-430x600.jpg 430w, https:\/\/app.toolingportugal.com\/wp-content\/uploads\/2022\/02\/ET_2020_pubCIP-1-502x700.jpg 502w\" sizes=\"100vw\" alt=\"\" \/><\/div><\/div>[\/vc_column][\/vc_row][vc_row type=&#8221;in_container&#8221; full_screen_row_position=&#8221;middle&#8221; scene_position=&#8221;center&#8221; text_color=&#8221;dark&#8221; text_align=&#8221;left&#8221; overlay_strength=&#8221;0.3&#8243; shape_divider_position=&#8221;bottom&#8221; bg_image_animation=&#8221;none&#8221;][vc_column column_padding=&#8221;no-extra-padding&#8221; column_padding_position=&#8221;all&#8221; background_color_opacity=&#8221;1&#8243; background_hover_color_opacity=&#8221;1&#8243; column_link_target=&#8221;_self&#8221; column_shadow=&#8221;none&#8221; column_border_radius=&#8221;none&#8221; width=&#8221;1\/1&#8243; tablet_width_inherit=&#8221;default&#8221; tablet_text_alignment=&#8221;default&#8221; phone_text_alignment=&#8221;default&#8221; column_border_width=&#8221;none&#8221; column_border_style=&#8221;solid&#8221; bg_image_animation=&#8221;none&#8221;]<div class=\"divider-wrap\" data-alignment=\"default\"><div style=\"margin-top: 50px; width: 20%px; height: 1px; margin-bottom: 50px;\" data-width=\"20%\" data-animate=\"\" data-animation-delay=\"\" data-color=\"extra-color-gradient-2\" class=\"divider-small-border\"><\/div><\/div>[\/vc_column][\/vc_row][vc_row type=&#8221;in_container&#8221; full_screen_row_position=&#8221;middle&#8221; scene_position=&#8221;center&#8221; text_color=&#8221;dark&#8221; text_align=&#8221;left&#8221; overlay_strength=&#8221;0.3&#8243; shape_divider_position=&#8221;bottom&#8221; bg_image_animation=&#8221;none&#8221;][vc_column column_padding=&#8221;no-extra-padding&#8221; column_padding_position=&#8221;all&#8221; background_color_opacity=&#8221;1&#8243; background_hover_color_opacity=&#8221;1&#8243; column_link_target=&#8221;_self&#8221; column_shadow=&#8221;none&#8221; column_border_radius=&#8221;none&#8221; width=&#8221;1\/1&#8243; tablet_width_inherit=&#8221;default&#8221; tablet_text_alignment=&#8221;default&#8221; phone_text_alignment=&#8221;default&#8221; column_border_width=&#8221;none&#8221; column_border_style=&#8221;solid&#8221; bg_image_animation=&#8221;none&#8221;][vc_custom_heading text=&#8221;2nd Recognition Cycle Projects&#8221; use_theme_fonts=&#8221;yes&#8221;][\/vc_column][\/vc_row][vc_row type=&#8221;in_container&#8221; full_screen_row_position=&#8221;middle&#8221; scene_position=&#8221;center&#8221; text_color=&#8221;dark&#8221; text_align=&#8221;left&#8221; overlay_strength=&#8221;0.3&#8243; shape_divider_position=&#8221;bottom&#8221; bg_image_animation=&#8221;none&#8221;][vc_column column_padding=&#8221;no-extra-padding&#8221; column_padding_position=&#8221;all&#8221; background_color_opacity=&#8221;1&#8243; background_hover_color_opacity=&#8221;1&#8243; column_link_target=&#8221;_self&#8221; column_shadow=&#8221;none&#8221; column_border_radius=&#8221;none&#8221; width=&#8221;1\/2&#8243; tablet_width_inherit=&#8221;default&#8221; tablet_text_alignment=&#8221;default&#8221; phone_text_alignment=&#8221;default&#8221; column_border_width=&#8221;none&#8221; column_border_style=&#8221;solid&#8221; bg_image_animation=&#8221;none&#8221;][vc_column_text]<strong>Networks, Cooperation and Inter-Clustering<\/strong><\/p>\n<ul>\n<li><a href=\"https:\/\/www2.toolingportugal.com\/images\/projetos\/BUILT_FichaProjetoVrs1PT.pdf\" target=\"_blank\" rel=\"noopener\">BUILTnet <\/a>(ongoing)<\/li>\n<li><a href=\"http:\/\/www.eu-materialix.com\/\" target=\"_blank\" rel=\"noopener\">MATERIALIX<\/a>(concluded)<em><br \/>\n<\/em><\/li>\n<li><a href=\"https:\/\/clustercollaboration.eu\/eu-cluster-partnerships\/escp4i\/wiintech2020\" target=\"_blank\" rel=\"noopener\">WIINTECH2020 <\/a>(concluded)<em><br \/>\n<\/em><\/li>\n<li><a href=\"https:\/\/www2.centimfe.com\/index.php\/pt\/?option=com_content&amp;view=article&amp;id=529\">IDERCEXA <\/a>(concluded)<\/li>\n<\/ul>\n[\/vc_column_text][\/vc_column][vc_column column_padding=&#8221;no-extra-padding&#8221; column_padding_position=&#8221;all&#8221; background_color_opacity=&#8221;1&#8243; background_hover_color_opacity=&#8221;1&#8243; column_link_target=&#8221;_self&#8221; column_shadow=&#8221;none&#8221; column_border_radius=&#8221;none&#8221; width=&#8221;1\/2&#8243; tablet_width_inherit=&#8221;default&#8221; tablet_text_alignment=&#8221;default&#8221; phone_text_alignment=&#8221;default&#8221; column_border_width=&#8221;none&#8221; column_border_style=&#8221;solid&#8221; bg_image_animation=&#8221;none&#8221;][vc_column_text]<strong>Image &amp; Branding\/ Internationalization<\/strong><\/p>\n<ul>\n<li><a href=\"https:\/\/www2.toolingportugal.com\/images\/projetos\/cip-2022-ficha-de-projeto-en.pdf\" target=\"_blank\" rel=\"noopener\">CIP_2022 <\/a>(concluded)<em><br \/>\n<\/em><\/li>\n<li><a href=\"http:\/\/app.toolingportugal.com\/highspot\" target=\"_blank\" rel=\"noopener noreferrer\">HIGHSPOT\u00a0<\/a> (concluded)<\/li>\n<li><a href=\"https:\/\/www.cefamol.pt\/index.php?id=41\" target=\"_blank\" rel=\"noopener\">Engineering &amp; Tooling 2019\/2020<\/a> (concluded)<\/li>\n<\/ul>\n[\/vc_column_text][\/vc_column][\/vc_row][vc_row type=&#8221;in_container&#8221; full_screen_row_position=&#8221;middle&#8221; scene_position=&#8221;center&#8221; text_color=&#8221;dark&#8221; text_align=&#8221;left&#8221; overlay_strength=&#8221;0.3&#8243; shape_divider_position=&#8221;bottom&#8221; bg_image_animation=&#8221;none&#8221;][vc_column column_padding=&#8221;no-extra-padding&#8221; column_padding_position=&#8221;all&#8221; background_color_opacity=&#8221;1&#8243; background_hover_color_opacity=&#8221;1&#8243; column_link_target=&#8221;_self&#8221; column_shadow=&#8221;none&#8221; column_border_radius=&#8221;none&#8221; width=&#8221;1\/2&#8243; tablet_width_inherit=&#8221;default&#8221; tablet_text_alignment=&#8221;default&#8221; phone_text_alignment=&#8221;default&#8221; column_border_width=&#8221;none&#8221; column_border_style=&#8221;solid&#8221; bg_image_animation=&#8221;none&#8221;][vc_column_text]<strong>Research, Development and Innovation<\/strong><\/p>\n<ul>\n<li><strong>Product Development<\/strong><br \/>\n<a href=\"https:\/\/www2.centimfe.com\/index.php\/pt\/projetos\/projetos-concluidos\/12-projetos\/projetos-concluidos\/610-pack2life\" target=\"_blank\" rel=\"noopener\">PACK2LIFE<\/a> (concluded)<\/li>\n<li><strong><em>Tooling &amp; Production<\/em><\/strong><br \/>\n<a href=\"https:\/\/www2.centimfe.com\/index.php\/pt\/projetos\/projetos-concluidos\/12-projetos\/projetos-concluidos\/574-tooling4g\" target=\"_blank\" rel=\"noopener\">TOOLING4G<\/a> (concluded)<em><br \/>\n<\/em><a href=\"https:\/\/www2.centimfe.com\/index.php\/pt\/?option=com_content&amp;view=article&amp;id=517\" target=\"_blank\" rel=\"noopener\">SAM<\/a> (concluded)<em><br \/>\n<\/em><a href=\"http:\/\/www2.centimfe.com\/index.php\/pt\/?option=com_content&amp;view=article&amp;id=518\" target=\"_blank\" rel=\"noopener\">SMIT<\/a> (concluded)<em><a href=\"http:\/\/www2.centimfe.com\/index.php\/pt\/?option=com_content&amp;view=article&amp;id=518\"><br \/>\n<\/a><\/em><a href=\"https:\/\/www2.centimfe.com\/index.php\/pt\/?option=com_content&amp;view=article&amp;id=524\" target=\"_blank\" rel=\"noopener\">#SIMOLDES 4.0<\/a> (concluded)<em><br \/>\n<\/em><a href=\"https:\/\/www2.centimfe.com\/index.php\/pt\/608\" target=\"_blank\" rel=\"noopener\">ON-SURF<\/a> (ongoing)<em><br \/>\n<\/em><a href=\"https:\/\/www2.centimfe.com\/index.php\/pt\/projetos\/projetos-concluidos\/12-projetos\/projetos-concluidos\/597-in2dig\" target=\"_blank\" rel=\"noopener\">IN2Dig<\/a> (concluded)<\/li>\n<li><strong>Additive Manufacturing<\/strong><em><br \/>\n<\/em><a href=\"https:\/\/www.ipleiria.pt\/wp-content\/uploads\/2015\/03\/pamiV3.1.pdf\" target=\"_blank\" rel=\"noopener\">PAMI<\/a> (concluded)<em><br \/>\n<\/em><a href=\"http:\/\/www2.centimfe.com\/index.php\/pt\/?option=com_content&amp;view=article&amp;id=531\" target=\"_blank\" rel=\"noopener\">SAMT SUDOE<\/a> (concluded)<em><br \/>\n<\/em><a href=\"https:\/\/www2.centimfe.com\/index.php\/pt\/?option=com_content&amp;view=article&amp;id=516\" target=\"_blank\" rel=\"noopener\">I4M<\/a> (concluded)<br \/>\n<a href=\"https:\/\/www2.centimfe.com\/index.php\/pt\/600\" target=\"_blank\" rel=\"noopener\">ADD.ADDITIVE<\/a> (concluded)<\/li>\n<li><strong>Micro Technologies<\/strong><em><br \/>\n<\/em><a href=\"https:\/\/www2.centimfe.com\/index.php\/pt\/?option=com_content&amp;view=article&amp;id=516\" target=\"_blank\" rel=\"noopener\">I4M<\/a> (concluded)<\/li>\n<li><strong>Sustainability and Circular Economy<\/strong><em><br \/>\n<\/em><a href=\"https:\/\/www2.toolingportugal.com\/images\/projetos\/S4PLAST.pdf\" target=\"_blank\" rel=\"noopener\">S4PLAST<\/a> (ongoing)<\/li>\n<\/ul>\n[\/vc_column_text][\/vc_column][vc_column column_padding=&#8221;no-extra-padding&#8221; column_padding_position=&#8221;all&#8221; background_color_opacity=&#8221;1&#8243; background_hover_color_opacity=&#8221;1&#8243; column_link_target=&#8221;_self&#8221; column_shadow=&#8221;none&#8221; column_border_radius=&#8221;none&#8221; width=&#8221;1\/2&#8243; tablet_width_inherit=&#8221;default&#8221; tablet_text_alignment=&#8221;default&#8221; phone_text_alignment=&#8221;default&#8221; column_border_width=&#8221;none&#8221; column_border_style=&#8221;solid&#8221; bg_image_animation=&#8221;none&#8221;][vc_column_text]<strong>Skills Development and Entrepreneurship<\/strong><\/p>\n<ul>\n<li><a href=\"https:\/\/www2.toolingportugal.com\/images\/projetos\/4Zeroplast__Ficha_do_Projeto-Vrs1.pdf\" target=\"_blank\" rel=\"noopener\">4ZEROPLAST<\/a> (concluded)<\/li>\n<li><a href=\"https:\/\/www2.centimfe.com\/index.php\/pt\/?option=com_content&amp;view=article&amp;id=547\" target=\"_blank\" rel=\"noopener\">TransConTech<\/a> (concluded)<\/li>\n<\/ul>\n[\/vc_column_text][\/vc_column][\/vc_row][vc_row type=&#8221;in_container&#8221; full_screen_row_position=&#8221;middle&#8221; scene_position=&#8221;center&#8221; text_color=&#8221;dark&#8221; text_align=&#8221;left&#8221; overlay_strength=&#8221;0.3&#8243; shape_divider_position=&#8221;bottom&#8221; bg_image_animation=&#8221;none&#8221;][vc_column column_padding=&#8221;no-extra-padding&#8221; column_padding_position=&#8221;all&#8221; background_color_opacity=&#8221;1&#8243; background_hover_color_opacity=&#8221;1&#8243; column_link_target=&#8221;_self&#8221; column_shadow=&#8221;none&#8221; column_border_radius=&#8221;none&#8221; width=&#8221;1\/1&#8243; tablet_width_inherit=&#8221;default&#8221; tablet_text_alignment=&#8221;default&#8221; phone_text_alignment=&#8221;default&#8221; column_border_width=&#8221;none&#8221; column_border_style=&#8221;solid&#8221; bg_image_animation=&#8221;none&#8221;]<div class=\"divider-wrap\" data-alignment=\"default\"><div style=\"margin-top: 50px; width: 20%px; height: 1px; margin-bottom: 50px;\" data-width=\"20%\" data-animate=\"\" data-animation-delay=\"\" data-color=\"extra-color-gradient-2\" class=\"divider-small-border\"><\/div><\/div>[\/vc_column][\/vc_row][vc_row type=&#8221;in_container&#8221; full_screen_row_position=&#8221;middle&#8221; scene_position=&#8221;center&#8221; text_color=&#8221;dark&#8221; text_align=&#8221;left&#8221; overlay_strength=&#8221;0.3&#8243; shape_divider_position=&#8221;bottom&#8221; bg_image_animation=&#8221;none&#8221;][vc_column column_padding=&#8221;no-extra-padding&#8221; column_padding_position=&#8221;all&#8221; background_color_opacity=&#8221;1&#8243; background_hover_color_opacity=&#8221;1&#8243; column_link_target=&#8221;_self&#8221; column_shadow=&#8221;none&#8221; column_border_radius=&#8221;none&#8221; width=&#8221;1\/1&#8243; tablet_width_inherit=&#8221;default&#8221; tablet_text_alignment=&#8221;default&#8221; phone_text_alignment=&#8221;default&#8221; column_border_width=&#8221;none&#8221; column_border_style=&#8221;solid&#8221; bg_image_animation=&#8221;none&#8221;][vc_custom_heading text=&#8221;1st Recognition Cycle Projects&#8221; use_theme_fonts=&#8221;yes&#8221;][\/vc_column][\/vc_row][vc_row type=&#8221;in_container&#8221; full_screen_row_position=&#8221;middle&#8221; scene_position=&#8221;center&#8221; text_color=&#8221;dark&#8221; text_align=&#8221;left&#8221; overlay_strength=&#8221;0.3&#8243; shape_divider_position=&#8221;bottom&#8221; bg_image_animation=&#8221;none&#8221;][vc_column column_padding=&#8221;no-extra-padding&#8221; column_padding_position=&#8221;all&#8221; background_color_opacity=&#8221;1&#8243; background_hover_color_opacity=&#8221;1&#8243; column_link_target=&#8221;_self&#8221; column_shadow=&#8221;none&#8221; column_border_radius=&#8221;none&#8221; width=&#8221;1\/2&#8243; tablet_width_inherit=&#8221;default&#8221; tablet_text_alignment=&#8221;default&#8221; phone_text_alignment=&#8221;default&#8221; column_border_width=&#8221;none&#8221; column_border_style=&#8221;solid&#8221; bg_image_animation=&#8221;none&#8221;][vc_column_text]<strong>Anchor Projects<\/strong><\/p>\n<ul>\n<li><a href=\"https:\/\/www2.toolingportugal.com\/index.php?option=com_content&amp;view=article&amp;id=266:etf-empresa-tooling-do-futuro&amp;catid=21&amp;Itemid=254&amp;lang=pt\" target=\"_blank\" rel=\"noopener\">ETF<\/a><\/li>\n<li><a href=\"https:\/\/www2.toolingportugal.com\/index.php?option=com_content&amp;view=article&amp;id=267:tooling-edge-producao-sustentavel-de-elevado-desempenho&amp;catid=21&amp;Itemid=254&amp;lang=pt\" target=\"_blank\" rel=\"noopener\">Tooling EDGE\u00a0<\/a><\/li>\n<li><a href=\"https:\/\/www2.toolingportugal.com\/index.php?option=com_content&amp;view=article&amp;id=45:btm-branding-to-marketp&amp;catid=21&amp;Itemid=254&amp;lang=pt\" target=\"_blank\" rel=\"noopener\">BtM<\/a><\/li>\n<\/ul>\n[\/vc_column_text][\/vc_column][vc_column column_padding=&#8221;no-extra-padding&#8221; column_padding_position=&#8221;all&#8221; background_color_opacity=&#8221;1&#8243; background_hover_color_opacity=&#8221;1&#8243; column_link_target=&#8221;_self&#8221; column_shadow=&#8221;none&#8221; column_border_radius=&#8221;none&#8221; width=&#8221;1\/2&#8243; tablet_width_inherit=&#8221;default&#8221; tablet_text_alignment=&#8221;default&#8221; phone_text_alignment=&#8221;default&#8221; column_border_width=&#8221;none&#8221; column_border_style=&#8221;solid&#8221; bg_image_animation=&#8221;none&#8221;][vc_column_text]<strong>Complementary Projects<\/strong><\/p>\n<ul>\n<li><a href=\"https:\/\/www2.centimfe.com\/index.php\/pt\/88\" target=\"_blank\" rel=\"noopener\">BIGPROTO<\/a><\/li>\n<li><a href=\"https:\/\/www2.toolingportugal.com\/index.php?option=com_content&amp;view=article&amp;id=34:di-markets&amp;catid=19&amp;Itemid=255&amp;lang=pt\" target=\"_blank\" rel=\"noopener\">Di_MARKeTS<\/a><\/li>\n<li><a href=\"https:\/\/www2.toolingportugal.com\/index.php?option=com_content&amp;view=article&amp;id=40:engineering-tooling-from-portugal&amp;catid=19&amp;Itemid=255&amp;lang=pt\" target=\"_blank\" rel=\"noopener\">Engineering &amp; Tooling from Portugal<\/a><\/li>\n<li><a href=\"https:\/\/www2.toolingportugal.com\/index.php?option=com_content&amp;view=article&amp;id=38:formacao-modular&amp;catid=19&amp;Itemid=255&amp;lang=pt\" target=\"_blank\" rel=\"noopener\">Formu\u00e7\u00e3o Modular<\/a><\/li>\n<li><a href=\"https:\/\/www2.toolingportugal.com\/index.php?option=com_content&amp;view=article&amp;id=37:formacao-accao-para-pme&amp;catid=19&amp;Itemid=255&amp;lang=pt\" target=\"_blank\" rel=\"noopener\">Forma\u00e7\u00e3o-A\u00e7\u00e3o para PME<\/a><\/li>\n<li><a href=\"https:\/\/www2.toolingportugal.com\/index.php?option=com_content&amp;view=article&amp;id=43:idt-for-tooling&amp;catid=19&amp;Itemid=255&amp;lang=pt\" target=\"_blank\" rel=\"noopener\">IDT for Tooling<\/a><\/li>\n<li><a href=\"https:\/\/www2.toolingportugal.com\/index.php?option=com_content&amp;view=article&amp;id=33:inovjovem&amp;catid=19&amp;Itemid=255&amp;lang=pt\" target=\"_blank\" rel=\"noopener\">INOVJOVEM<\/a><\/li>\n<li><a href=\"https:\/\/www2.toolingportugal.com\/index.php?option=com_content&amp;view=article&amp;id=35:mm-tooling&amp;catid=19&amp;Itemid=255&amp;lang=pt\" target=\"_blank\" rel=\"noopener\">MM Tooling<\/a><\/li>\n<li><a href=\"https:\/\/www2.toolingportugal.com\/index.php?option=com_content&amp;view=article&amp;id=36:refra&amp;catid=19&amp;Itemid=255&amp;lang=pt\" target=\"_blank\" rel=\"noopener\">ReFRA<\/a><\/li>\n<li><a href=\"https:\/\/www2.toolingportugal.com\/index.php?option=com_content&amp;view=article&amp;id=41:rimcoptec&amp;catid=19&amp;Itemid=255&amp;lang=pt\" target=\"_blank\" rel=\"noopener\">RIMcopTec<\/a><\/li>\n<li><a href=\"https:\/\/www2.toolingportugal.com\/index.php?option=com_content&amp;view=article&amp;id=44:tooling-surface&amp;catid=19&amp;Itemid=255&amp;lang=pt\" target=\"_blank\" rel=\"noopener\">Tooling Surface<\/a><\/li>\n<li><a href=\"https:\/\/www2.toolingportugal.com\/index.php?option=com_content&amp;view=article&amp;id=39:tooling-push&amp;catid=19&amp;Itemid=255&amp;lang=pt\" target=\"_blank\" rel=\"noopener\">Tooling_Push<\/a><\/li>\n<\/ul>\n[\/vc_column_text][\/vc_column][\/vc_row]\n","protected":false},"excerpt":{"rendered":"<p>[vc_row type=&#8221;full_width_background&#8221; full_screen_row_position=&#8221;middle&#8221; bg_image=&#8221;53&#8243; bg_position=&#8221;left top&#8221; bg_repeat=&#8221;no-repeat&#8221; bg_color=&#8221;#ffffff&#8221; scene_position=&#8221;center&#8221; text_color=&#8221;light&#8221; text_align=&#8221;center&#8221; top_padding=&#8221;10%&#8221; bottom_padding=&#8221;5%&#8221; enable_gradient=&#8221;true&#8221; color_overlay=&#8221;#cfd971&#8243; color_overlay_2=&#8221;#ea442a&#8221; gradient_direction=&#8221;left_to_right&#8221; overlay_strength=&#8221;0.95&#8243; enable_shape_divider=&#8221;true&#8221; shape_divider_position=&#8221;bottom&#8221; bg_image_animation=&#8221;fade-in&#8221; parallax_bg=&#8221;true&#8221; parallax_bg_speed=&#8221;fast&#8221; shape_type=&#8221;fan&#8221;][vc_column column_padding=&#8221;no-extra-padding&#8221; column_padding_position=&#8221;all&#8221; background_color_opacity=&#8221;1&#8243; background_hover_color_opacity=&#8221;1&#8243; column_link_target=&#8221;_self&#8221; column_shadow=&#8221;none&#8221;&#8230;<\/p>\n","protected":false},"author":2,"featured_media":0,"parent":0,"menu_order":0,"comment_status":"closed","ping_status":"closed","template":"","meta":[],"acf":[],"_links":{"self":[{"href":"https:\/\/app.toolingportugal.com\/en\/wp-json\/wp\/v2\/pages\/2053"}],"collection":[{"href":"https:\/\/app.toolingportugal.com\/en\/wp-json\/wp\/v2\/pages"}],"about":[{"href":"https:\/\/app.toolingportugal.com\/en\/wp-json\/wp\/v2\/types\/page"}],"author":[{"embeddable":true,"href":"https:\/\/app.toolingportugal.com\/en\/wp-json\/wp\/v2\/users\/2"}],"replies":[{"embeddable":true,"href":"https:\/\/app.toolingportugal.com\/en\/wp-json\/wp\/v2\/comments?post=2053"}],"version-history":[{"count":10,"href":"https:\/\/app.toolingportugal.com\/en\/wp-json\/wp\/v2\/pages\/2053\/revisions"}],"predecessor-version":[{"id":2365,"href":"https:\/\/app.toolingportugal.com\/en\/wp-json\/wp\/v2\/pages\/2053\/revisions\/2365"}],"wp:attachment":[{"href":"https:\/\/app.toolingportugal.com\/en\/wp-json\/wp\/v2\/media?parent=2053"}],"curies":[{"name":"wp","href":"https:\/\/api.w.org\/{rel}","templated":true}]}}