{"id":628,"date":"2019-03-27T12:12:55","date_gmt":"2019-03-27T12:12:55","guid":{"rendered":"http:\/\/app.toolingportugal.com\/?page_id=628"},"modified":"2019-03-27T14:26:43","modified_gmt":"2019-03-27T14:26:43","slug":"downloads","status":"publish","type":"page","link":"https:\/\/app.toolingportugal.com\/en\/downloads\/","title":{"rendered":"Downloads"},"content":{"rendered":"[vc_row type=&#8221;full_width_background&#8221; full_screen_row_position=&#8221;middle&#8221; bg_image=&#8221;53&#8243; bg_position=&#8221;left top&#8221; bg_repeat=&#8221;no-repeat&#8221; bg_color=&#8221;#ffffff&#8221; scene_position=&#8221;center&#8221; text_color=&#8221;light&#8221; text_align=&#8221;center&#8221; top_padding=&#8221;10%&#8221; bottom_padding=&#8221;5%&#8221; enable_gradient=&#8221;true&#8221; color_overlay=&#8221;#cfd971&#8243; color_overlay_2=&#8221;#ea442a&#8221; gradient_direction=&#8221;left_to_right&#8221; overlay_strength=&#8221;0.95&#8243; enable_shape_divider=&#8221;true&#8221; shape_divider_position=&#8221;bottom&#8221; bg_image_animation=&#8221;fade-in&#8221; parallax_bg=&#8221;true&#8221; parallax_bg_speed=&#8221;fast&#8221; shape_type=&#8221;fan&#8221;][vc_column column_padding=&#8221;no-extra-padding&#8221; column_padding_position=&#8221;all&#8221; background_color_opacity=&#8221;1&#8243; background_hover_color_opacity=&#8221;1&#8243; column_link_target=&#8221;_self&#8221; column_shadow=&#8221;none&#8221; column_border_radius=&#8221;none&#8221; width=&#8221;1\/1&#8243; tablet_width_inherit=&#8221;default&#8221; tablet_text_alignment=&#8221;default&#8221; phone_text_alignment=&#8221;default&#8221; column_border_width=&#8221;none&#8221; column_border_style=&#8221;solid&#8221; bg_image_animation=&#8221;none&#8221;][vc_row_inner column_margin=&#8221;default&#8221; text_align=&#8221;left&#8221;][vc_column_inner column_padding=&#8221;no-extra-padding&#8221; column_padding_position=&#8221;all&#8221; background_color_opacity=&#8221;1&#8243; background_hover_color_opacity=&#8221;1&#8243; column_shadow=&#8221;none&#8221; column_border_radius=&#8221;none&#8221; column_link_target=&#8221;_self&#8221; width=&#8221;1\/6&#8243; tablet_width_inherit=&#8221;default&#8221; column_border_width=&#8221;none&#8221; column_border_style=&#8221;solid&#8221; bg_image_animation=&#8221;none&#8221; enable_animation=&#8221;true&#8221; animation=&#8221;fade-in-from-bottom&#8221;][\/vc_column_inner][vc_column_inner column_padding=&#8221;no-extra-padding&#8221; column_padding_position=&#8221;all&#8221; background_color_opacity=&#8221;1&#8243; background_hover_color_opacity=&#8221;1&#8243; column_shadow=&#8221;none&#8221; column_border_radius=&#8221;none&#8221; column_link_target=&#8221;_self&#8221; width=&#8221;2\/3&#8243; tablet_width_inherit=&#8221;default&#8221; column_border_width=&#8221;none&#8221; column_border_style=&#8221;solid&#8221; bg_image_animation=&#8221;none&#8221; enable_animation=&#8221;true&#8221; animation=&#8221;fade-in-from-bottom&#8221;][vc_custom_heading source=&#8221;post_title&#8221; font_container=&#8221;tag:h2|font_size:48px|text_align:center&#8221; use_theme_fonts=&#8221;yes&#8221; css_animation=&#8221;none&#8221;][vc_custom_heading text=&#8221;Engineering &amp; Tooling&#8221; font_container=&#8221;tag:h3|text_align:center&#8221; use_theme_fonts=&#8221;yes&#8221; css_animation=&#8221;none&#8221; css=&#8221;.vc_custom_1544618185054{padding-right: 13% !important;padding-left: 13% !important;}&#8221;][\/vc_column_inner][vc_column_inner column_padding=&#8221;no-extra-padding&#8221; column_padding_position=&#8221;all&#8221; background_color_opacity=&#8221;1&#8243; background_hover_color_opacity=&#8221;1&#8243; column_shadow=&#8221;none&#8221; column_border_radius=&#8221;none&#8221; column_link_target=&#8221;_self&#8221; width=&#8221;1\/6&#8243; tablet_width_inherit=&#8221;default&#8221; column_border_width=&#8221;none&#8221; column_border_style=&#8221;solid&#8221; bg_image_animation=&#8221;none&#8221;][\/vc_column_inner][\/vc_row_inner][\/vc_column][\/vc_row][vc_row type=&#8221;full_width_background&#8221; full_screen_row_position=&#8221;middle&#8221; scene_position=&#8221;center&#8221; text_color=&#8221;dark&#8221; text_align=&#8221;left&#8221; top_padding=&#8221;8%&#8221; bottom_padding=&#8221;8%&#8221; overlay_strength=&#8221;1&#8243; shape_divider_position=&#8221;bottom&#8221; bg_image_animation=&#8221;none&#8221;][vc_column column_padding=&#8221;no-extra-padding&#8221; column_padding_position=&#8221;all&#8221; background_color_opacity=&#8221;1&#8243; background_hover_color_opacity=&#8221;1&#8243; column_link_target=&#8221;_self&#8221; column_shadow=&#8221;none&#8221; column_border_radius=&#8221;none&#8221; width=&#8221;1\/1&#8243; tablet_width_inherit=&#8221;default&#8221; tablet_text_alignment=&#8221;default&#8221; phone_text_alignment=&#8221;default&#8221; column_border_width=&#8221;none&#8221; column_border_style=&#8221;solid&#8221; bg_image_animation=&#8221;none&#8221;]<div class=\"divider-wrap\" data-alignment=\"default\"><div style=\"margin-top: 15px; height: 1px; margin-bottom: 15px;\" data-width=\"100%\" data-animate=\"yes\" data-animation-delay=\"\" data-color=\"extra-color-gradient-1\" class=\"divider-border\"><\/div><\/div>[vc_row_inner column_margin=&#8221;default&#8221; bottom_padding=&#8221;40&#8243; text_align=&#8221;left&#8221;][vc_column_inner column_padding=&#8221;no-extra-padding&#8221; column_padding_position=&#8221;all&#8221; background_color_opacity=&#8221;1&#8243; background_hover_color_opacity=&#8221;1&#8243; column_shadow=&#8221;none&#8221; column_border_radius=&#8221;none&#8221; column_link_target=&#8221;_self&#8221; width=&#8221;1\/6&#8243; tablet_width_inherit=&#8221;default&#8221; column_border_width=&#8221;none&#8221; column_border_style=&#8221;solid&#8221; bg_image_animation=&#8221;none&#8221;][nectar_icon icon_family=&#8221;fontawesome&#8221; icon_style=&#8221;border-animation&#8221; icon_border_thickness=&#8221;2px&#8221; icon_color=&#8221;extra-color-gradient-1&#8243; icon_padding=&#8221;20px&#8221; icon_fontawesome=&#8221;fa fa-leanpub&#8221; icon_size=&#8221;100&#8243;][vc_custom_heading text=&#8221;Electronic Brochures &#8211;<br \/>\nDownload the information about the events where we participate.&#8221; font_container=&#8221;tag:p|text_align:center&#8221; use_theme_fonts=&#8221;yes&#8221; css_animation=&#8221;top-to-bottom&#8221;][\/vc_column_inner][vc_column_inner column_padding=&#8221;no-extra-padding&#8221; column_padding_position=&#8221;all&#8221; background_color_opacity=&#8221;1&#8243; background_hover_color_opacity=&#8221;1&#8243; column_shadow=&#8221;none&#8221; column_border_radius=&#8221;none&#8221; column_link_target=&#8221;_self&#8221; width=&#8221;5\/6&#8243; tablet_width_inherit=&#8221;default&#8221; column_border_width=&#8221;none&#8221; column_border_style=&#8221;solid&#8221; bg_image_animation=&#8221;fade-in&#8221; enable_animation=&#8221;true&#8221; animation=&#8221;fade-in&#8221; delay=&#8221;300&#8243;][vc_column_text]<div class=\"sdm_download_item \"><div class=\"sdm_download_item_top\"><div class=\"sdm_download_thumbnail\"><img class=\"sdm_download_thumbnail_image\" src=\"https:\/\/app.toolingportugal.com\/wp-content\/uploads\/2023\/05\/Captura-de-Ecra-237.png\" alt = \"Artigo p\u00f3s feira Hannover Messe 2022 &#8211; European Tool &#038; Mould Making\" \/><\/div><div class=\"sdm_download_title\">Artigo p\u00f3s feira Hannover Messe 2022 &#8211; European Tool &#038; Mould Making<\/div><\/div><div style=\"clear:both;\"><\/div><div class=\"sdm_download_description\"><h3>&#8220;Tool and mould making: Why Portugal makes sense&#8221;<\/h3>\n<p>ETMM &#8211; European Tool &amp; Mould Making<br \/>\nAlemanha<br \/>\nMaio a Junho de 2022<\/p>\n<\/div><div class=\"sdm_download_link\"><span class=\"sdm_download_button\"><a href=\"https:\/\/app.toolingportugal.com\/en\/\/?sdm_process_download=1&download_id=2500\" class=\"sdm_download grey\" title=\"Artigo p\u00f3s feira Hannover Messe 2022 &#8211; European Tool &#038; Mould Making\" target=\"_blank\">Descarregar<\/a><\/span><span class=\"sdm_download_item_count\"><span class=\"sdm_item_count_number\">1208<\/span><span class=\"sdm_item_count_string\"> Downloads<\/span><\/span><\/div><\/div><div class=\"sdm_download_item \"><div class=\"sdm_download_item_top\"><div class=\"sdm_download_thumbnail\"><img class=\"sdm_download_thumbnail_image\" src=\"https:\/\/app.toolingportugal.com\/wp-content\/uploads\/2022\/05\/Captura-de-Ecra-241.png\" alt = \"Artigo T\u00e9cnico &#8211; MUNDO PL\u00c1STICOS\" \/><\/div><div class=\"sdm_download_title\">Artigo T\u00e9cnico &#8211; MUNDO PL\u00c1STICOS<\/div><\/div><div style=\"clear:both;\"><\/div><div class=\"sdm_download_description\"><h3>&#8220;A La Vanguardia de La Estrategia Europea de Descarbonizaci\u00f3n Industrial&#8221;<\/h3>\n<p>MUNDO PL\u00c1STICOS<br \/>\nEspanha<br \/>\nJulho a Agosto de 2022<\/p>\n<\/div><div class=\"sdm_download_link\"><span class=\"sdm_download_button\"><a href=\"https:\/\/app.toolingportugal.com\/en\/\/?sdm_process_download=1&download_id=2515\" class=\"sdm_download grey\" title=\"Artigo T\u00e9cnico &#8211; MUNDO PL\u00c1STICOS\" target=\"_blank\">Descarregar<\/a><\/span><span class=\"sdm_download_item_count\"><span class=\"sdm_item_count_number\">1418<\/span><span class=\"sdm_item_count_string\"> Downloads<\/span><\/span><\/div><\/div><div class=\"sdm_download_item \"><div class=\"sdm_download_item_top\"><div class=\"sdm_download_thumbnail\"><img class=\"sdm_download_thumbnail_image\" src=\"https:\/\/app.toolingportugal.com\/wp-content\/uploads\/2023\/05\/Captura-de-Ecra-238.png\" alt = \"Entrevista ao Presidente da POOL-NET- MUNDO PL\u00c1STICOS\" \/><\/div><div class=\"sdm_download_title\">Entrevista ao Presidente da POOL-NET- MUNDO PL\u00c1STICOS<\/div><\/div><div style=\"clear:both;\"><\/div><div class=\"sdm_download_description\"><h3>&#8220;El CL\u00daSTER Engineering &amp; Tooling integra empresas con coraz\u00f3n portugu\u00e9s en tierras mexicanas&#8221;<\/h3>\n<p>MUNDO PL\u00c1STICOS<br \/>\nEspanha<br \/>\nMaio a Junho de 2022<\/p>\n<\/div><div class=\"sdm_download_link\"><span class=\"sdm_download_button\"><a href=\"https:\/\/app.toolingportugal.com\/en\/\/?sdm_process_download=1&download_id=2505\" class=\"sdm_download grey\" title=\"Entrevista ao Presidente da POOL-NET- MUNDO PL\u00c1STICOS\" target=\"_blank\">Descarregar<\/a><\/span><span class=\"sdm_download_item_count\"><span class=\"sdm_item_count_number\">1331<\/span><span class=\"sdm_item_count_string\"> Downloads<\/span><\/span><\/div><\/div><div class=\"sdm_download_item \"><div class=\"sdm_download_item_top\"><div class=\"sdm_download_thumbnail\"><img class=\"sdm_download_thumbnail_image\" src=\"https:\/\/app.toolingportugal.com\/wp-content\/uploads\/2023\/05\/Captura-de-Ecra-236.png\" alt = \"Artigo e publicidade &#8211; Gazeta Plastpol 2022\" \/><\/div><div class=\"sdm_download_title\">Artigo e publicidade &#8211; Gazeta Plastpol 2022<\/div><\/div><div style=\"clear:both;\"><\/div><div class=\"sdm_download_description\"><h3>&#8220;Globalny potentat w produkcji form&#8221;<\/h3>\n<p>Gazeta Plastpol 2022<br \/>\nMaio de 2022<\/p>\n<\/div><div class=\"sdm_download_link\"><span class=\"sdm_download_button\"><a href=\"https:\/\/app.toolingportugal.com\/en\/\/?sdm_process_download=1&download_id=2495\" class=\"sdm_download grey\" title=\"Artigo e publicidade &#8211; Gazeta Plastpol 2022\" target=\"_blank\">Descarregar<\/a><\/span><span class=\"sdm_download_item_count\"><span class=\"sdm_item_count_number\">1128<\/span><span class=\"sdm_item_count_string\"> Downloads<\/span><\/span><\/div><\/div><div class=\"sdm_download_item \"><div class=\"sdm_download_item_top\"><div class=\"sdm_download_thumbnail\"><img class=\"sdm_download_thumbnail_image\" src=\"http:\/\/app.toolingportugal.com\/wp-content\/uploads\/2022\/05\/hannover_thumb.png\" alt = \"Engineering &#038; Tooling from Portugal em Hannover Messe 2022\" \/><\/div><div class=\"sdm_download_title\">Engineering &#038; Tooling from Portugal em Hannover Messe 2022<\/div><\/div><div style=\"clear:both;\"><\/div><div class=\"sdm_download_description\"><p>Hall 2 &#8211; Stand A02<\/p>\n<\/div><div class=\"sdm_download_link\"><span class=\"sdm_download_button\"><a href=\"https:\/\/app.toolingportugal.com\/en\/\/?sdm_process_download=1&download_id=2262\" class=\"sdm_download grey\" title=\"Engineering &#038; Tooling from Portugal em Hannover Messe 2022\" target=\"_blank\">Descarregar<\/a><\/span><span class=\"sdm_download_item_count\"><span class=\"sdm_item_count_number\">1767<\/span><span class=\"sdm_item_count_string\"> Downloads<\/span><\/span><\/div><\/div><div class=\"sdm_clear_float\"><\/div><div class=\"sdm_pagination\"><span aria-current=\"page\" class=\"page-numbers current\">1<\/span>\n<a class=\"page-numbers\" href=\"https:\/\/app.toolingportugal.com\/en\/wp-json\/wp\/v2\/pages\/628\/page\/2\/\">2<\/a>\n<a class=\"page-numbers\" href=\"https:\/\/app.toolingportugal.com\/en\/wp-json\/wp\/v2\/pages\/628\/page\/3\/\">3<\/a>\n<span class=\"page-numbers dots\">&hellip;<\/span>\n<a class=\"page-numbers\" href=\"https:\/\/app.toolingportugal.com\/en\/wp-json\/wp\/v2\/pages\/628\/page\/11\/\">11<\/a>\n<a class=\"next page-numbers\" href=\"https:\/\/app.toolingportugal.com\/en\/wp-json\/wp\/v2\/pages\/628\/page\/2\/\">&raquo;<\/a><\/div>[\/vc_column_text][\/vc_column_inner][\/vc_row_inner]<div class=\"divider-wrap\" data-alignment=\"default\"><div style=\"margin-top: 15px; height: 1px; margin-bottom: 15px;\" data-width=\"100%\" data-animate=\"yes\" data-animation-delay=\"\" data-color=\"extra-color-gradient-1\" class=\"divider-border\"><\/div><\/div>[\/vc_column][\/vc_row]\n","protected":false},"excerpt":{"rendered":"<p>[vc_row type=&#8221;full_width_background&#8221; full_screen_row_position=&#8221;middle&#8221; bg_image=&#8221;53&#8243; bg_position=&#8221;left top&#8221; bg_repeat=&#8221;no-repeat&#8221; bg_color=&#8221;#ffffff&#8221; scene_position=&#8221;center&#8221; text_color=&#8221;light&#8221; text_align=&#8221;center&#8221; top_padding=&#8221;10%&#8221; bottom_padding=&#8221;5%&#8221; enable_gradient=&#8221;true&#8221; color_overlay=&#8221;#cfd971&#8243; color_overlay_2=&#8221;#ea442a&#8221; gradient_direction=&#8221;left_to_right&#8221; overlay_strength=&#8221;0.95&#8243; enable_shape_divider=&#8221;true&#8221; shape_divider_position=&#8221;bottom&#8221; bg_image_animation=&#8221;fade-in&#8221; parallax_bg=&#8221;true&#8221; parallax_bg_speed=&#8221;fast&#8221; shape_type=&#8221;fan&#8221;][vc_column column_padding=&#8221;no-extra-padding&#8221; column_padding_position=&#8221;all&#8221; background_color_opacity=&#8221;1&#8243; background_hover_color_opacity=&#8221;1&#8243; column_link_target=&#8221;_self&#8221; column_shadow=&#8221;none&#8221;&#8230;<\/p>\n","protected":false},"author":1,"featured_media":0,"parent":0,"menu_order":0,"comment_status":"closed","ping_status":"closed","template":"","meta":[],"acf":[],"_links":{"self":[{"href":"https:\/\/app.toolingportugal.com\/en\/wp-json\/wp\/v2\/pages\/628"}],"collection":[{"href":"https:\/\/app.toolingportugal.com\/en\/wp-json\/wp\/v2\/pages"}],"about":[{"href":"https:\/\/app.toolingportugal.com\/en\/wp-json\/wp\/v2\/types\/page"}],"author":[{"embeddable":true,"href":"https:\/\/app.toolingportugal.com\/en\/wp-json\/wp\/v2\/users\/1"}],"replies":[{"embeddable":true,"href":"https:\/\/app.toolingportugal.com\/en\/wp-json\/wp\/v2\/comments?post=628"}],"version-history":[{"count":2,"href":"https:\/\/app.toolingportugal.com\/en\/wp-json\/wp\/v2\/pages\/628\/revisions"}],"predecessor-version":[{"id":651,"href":"https:\/\/app.toolingportugal.com\/en\/wp-json\/wp\/v2\/pages\/628\/revisions\/651"}],"wp:attachment":[{"href":"https:\/\/app.toolingportugal.com\/en\/wp-json\/wp\/v2\/media?parent=628"}],"curies":[{"name":"wp","href":"https:\/\/api.w.org\/{rel}","templated":true}]}}